{"id":1003,"date":"2016-04-01T15:38:03","date_gmt":"2016-04-01T13:38:03","guid":{"rendered":"https:\/\/silverwings.eu\/en\/impressum\/"},"modified":"2018-04-29T13:43:46","modified_gmt":"2018-04-29T11:43:46","slug":"imprint","status":"publish","type":"page","link":"https:\/\/silverwings.eu\/en\/imprint\/","title":{"rendered":"Imprint"},"content":{"rendered":"<div class=\"wpb-content-wrapper\"><p>[vc_row css=&#8221;.vc_custom_1459007827879{padding-bottom: 1% !important;}&#8221;][vc_column][vc_column_text]<\/p>\n<h1>Impressum<\/h1>\n<p>[\/vc_column_text][\/vc_column][\/vc_row][vc_row css=&#8221;.vc_custom_1459251782050{margin-right: 0.5% !important;}&#8221;][vc_column width=&#8221;1\/3&#8243;][vc_column_text]<strong>Redaktion und Verantworlichkeit\u00a0gem\u00e4\u00df \u00a7 5 TMG:<\/strong><\/p>\n<p>Eugen Schnarr<br \/>\nSonneck 100<br \/>\n63762 Grossostheim<\/p>\n<p>Tel. +49 6021 70920 (Taubenschlag)<br \/>\nFax: +49 6021 70944<br \/>\nE-Mail: info@silverwings.eu<\/p>\n<p>Copyright \u00a9 Eugen Schnarr. Diese Webseite darf kostenlos verlinkt werden. Keinerlei Gew\u00e4hr f\u00fcr Vollst\u00e4ndigkeit, Aktualit\u00e4t und Richtigkeit. Jegliche Haftung ist ausgeschlossen.[\/vc_column_text][\/vc_column][vc_column width=&#8221;1\/3&#8243;][vc_column_text]<b>Haftungsausschluss<\/b><\/p>\n<p>1. Inhalt des Onlineangebotes<br \/>\nDer Anbieter \u00fcbernimmt keinerlei Gew\u00e4hr f\u00fcr die Vollst\u00e4ndigkeit, Richtigkeit, Aktualit\u00e4t, Qualit\u00e4t und Quellen der zur Verf\u00fcgung gestellten Informationen und Angebote. Weiterhin \u00fcbernimmt der Anbieter keinerlei Haftung f\u00fcr Sch\u00e4den aus der Nutzung der angebotenen Informationen und Angebote dieser Webseite. Alle Angebote sind freibleibend und unverbindlich. Der Anbieter beh\u00e4lt es sich insbesondere vor, die Informationen und Angebote ohne Ank\u00fcndigung zu ver\u00e4ndern, zu erg\u00e4nzen, zu l\u00f6schen oder die Ver\u00f6ffentlichung einzustellen.<\/p>\n<p>2. Verweise und Links<br \/>\nEine Haftung des Anbieters f\u00fcr fremde Webseiten, auf welche durch durch Verweise hingewiesen wird, ist ausgeschlossen.<br \/>\nDer Anbieter erkl\u00e4rt ausdr\u00fccklich, dass die verlinkten Seiten zum Zeitpunkt der Verweisung frei von illegalen Inhalten sind. Der Anbieter hat keinen Einfluss auf die Inhalte der verwiesenen Seiten. Der Anbieter haftet insbesondere nicht f\u00fcr Fremdeintr\u00e4ge.<\/p>\n<p>3. Urheber- und Kennzeichenrecht<br \/>\nDie Urheberrechte f\u00fcr alle vom Anbieter erstellten Objekte verbleiben bei dem Anbieter. Eine Verwendung, Ver\u00e4nderung oder Vervielf\u00e4ltigung bedarf der ausdr\u00fccklichen Zustimmung des Anbieters. Alle verwendeten Objekte, die urheber- oder markenrechtlich zu Gunsten Dritter gesch\u00fctzt sind, unterliegen den jeweiligen Bestimmungen des Dritten.[\/vc_column_text][\/vc_column][vc_column width=&#8221;1\/3&#8243;][vc_column_text]<b>Gestaltung und Programmierung<\/b><\/p>\n<p>kunstwerk \u2013 b\u00fcro f\u00fcr kommunikationsdesign<br \/>\n<a class=\"external-link-new-window\" href=\"http:\/\/www.kunstwerk-design.de\/\" target=\"_blank\" rel=\"noopener\">www.kunstwerk-design.de<\/a>[\/vc_column_text][\/vc_column][\/vc_row]<\/p>\n<\/div>","protected":false},"excerpt":{"rendered":"<p>[vc_row css=&#8221;.vc_custom_1459007827879{padding-bottom: 1% !important;}&#8221;][vc_column][vc_column_text] Impressum [\/vc_column_text][\/vc_column][\/vc_row][vc_row css=&#8221;.vc_custom_1459251782050{margin-right: 0.5% !important;}&#8221;][vc_column width=&#8221;1\/3&#8243;][vc_column_text]Redaktion und Verantworlichkeit\u00a0gem\u00e4\u00df \u00a7 5 TMG: Eugen Schnarr Sonneck 100 63762 Grossostheim Tel. +49 6021 70920 (Taubenschlag) Fax: +49 6021 70944 E-Mail: info@silverwings.eu Copyright \u00a9 Eugen Schnarr. Diese Webseite darf kostenlos verlinkt werden. Keinerlei Gew\u00e4hr f\u00fcr Vollst\u00e4ndigkeit, Aktualit\u00e4t und Richtigkeit. Jegliche<span class=\"excerpt-hellip\"> [\u2026]<\/span><\/p>\n","protected":false},"author":7,"featured_media":0,"parent":0,"menu_order":0,"comment_status":"closed","ping_status":"closed","template":"","meta":{"footnotes":""},"class_list":["post-1003","page","type-page","status-publish","hentry"],"yoast_head":"<!-- This site is optimized with the Yoast SEO plugin v27.3 - https:\/\/yoast.com\/product\/yoast-seo-wordpress\/ -->\n<title>Imprint - Silverwings - the winning way... Tauben, Pigeons<\/title>\n<meta name=\"robots\" content=\"index, follow, max-snippet:-1, max-image-preview:large, max-video-preview:-1\" \/>\n<link rel=\"canonical\" href=\"https:\/\/silverwings.eu\/en\/imprint\/\" \/>\n<meta property=\"og:locale\" content=\"en_US\" \/>\n<meta property=\"og:type\" content=\"article\" \/>\n<meta property=\"og:title\" content=\"Imprint - Silverwings - the winning way... Tauben, Pigeons\" \/>\n<meta property=\"og:description\" content=\"[vc_row css=&#8221;.vc_custom_1459007827879{padding-bottom: 1% !important;}&#8221;][vc_column][vc_column_text] Impressum [\/vc_column_text][\/vc_column][\/vc_row][vc_row css=&#8221;.vc_custom_1459251782050{margin-right: 0.5% !important;}&#8221;][vc_column width=&#8221;1\/3&#8243;][vc_column_text]Redaktion und Verantworlichkeit\u00a0gem\u00e4\u00df \u00a7 5 TMG: Eugen Schnarr Sonneck 100 63762 Grossostheim Tel. +49 6021 70920 (Taubenschlag) Fax: +49 6021 70944 E-Mail: info@silverwings.eu Copyright \u00a9 Eugen Schnarr. Diese Webseite darf kostenlos verlinkt werden. Keinerlei Gew\u00e4hr f\u00fcr Vollst\u00e4ndigkeit, Aktualit\u00e4t und Richtigkeit. Jegliche [\u2026]\" \/>\n<meta property=\"og:url\" content=\"https:\/\/silverwings.eu\/en\/imprint\/\" \/>\n<meta property=\"og:site_name\" content=\"Silverwings - the winning way... Tauben, Pigeons\" \/>\n<meta property=\"article:modified_time\" content=\"2018-04-29T11:43:46+00:00\" \/>\n<meta name=\"twitter:card\" content=\"summary_large_image\" \/>\n<meta name=\"twitter:label1\" content=\"Est. reading time\" \/>\n\t<meta name=\"twitter:data1\" content=\"2 minutes\" \/>\n<script type=\"application\/ld+json\" class=\"yoast-schema-graph\">{\"@context\":\"https:\\\/\\\/schema.org\",\"@graph\":[{\"@type\":\"WebPage\",\"@id\":\"https:\\\/\\\/silverwings.eu\\\/en\\\/imprint\\\/\",\"url\":\"https:\\\/\\\/silverwings.eu\\\/en\\\/imprint\\\/\",\"name\":\"Imprint - Silverwings - the winning way... Tauben, Pigeons\",\"isPartOf\":{\"@id\":\"https:\\\/\\\/silverwings.eu\\\/#website\"},\"datePublished\":\"2016-04-01T13:38:03+00:00\",\"dateModified\":\"2018-04-29T11:43:46+00:00\",\"breadcrumb\":{\"@id\":\"https:\\\/\\\/silverwings.eu\\\/en\\\/imprint\\\/#breadcrumb\"},\"inLanguage\":\"en-US\",\"potentialAction\":[{\"@type\":\"ReadAction\",\"target\":[\"https:\\\/\\\/silverwings.eu\\\/en\\\/imprint\\\/\"]}]},{\"@type\":\"BreadcrumbList\",\"@id\":\"https:\\\/\\\/silverwings.eu\\\/en\\\/imprint\\\/#breadcrumb\",\"itemListElement\":[{\"@type\":\"ListItem\",\"position\":1,\"name\":\"Startseite\",\"item\":\"https:\\\/\\\/silverwings.eu\\\/en\\\/\"},{\"@type\":\"ListItem\",\"position\":2,\"name\":\"Imprint\"}]},{\"@type\":\"WebSite\",\"@id\":\"https:\\\/\\\/silverwings.eu\\\/#website\",\"url\":\"https:\\\/\\\/silverwings.eu\\\/\",\"name\":\"Silverwings - the winning way... Tauben, Pigeons\",\"description\":\"\",\"potentialAction\":[{\"@type\":\"SearchAction\",\"target\":{\"@type\":\"EntryPoint\",\"urlTemplate\":\"https:\\\/\\\/silverwings.eu\\\/?s={search_term_string}\"},\"query-input\":{\"@type\":\"PropertyValueSpecification\",\"valueRequired\":true,\"valueName\":\"search_term_string\"}}],\"inLanguage\":\"en-US\"}]}<\/script>\n<!-- \/ Yoast SEO plugin. -->","yoast_head_json":{"title":"Imprint - Silverwings - the winning way... Tauben, Pigeons","robots":{"index":"index","follow":"follow","max-snippet":"max-snippet:-1","max-image-preview":"max-image-preview:large","max-video-preview":"max-video-preview:-1"},"canonical":"https:\/\/silverwings.eu\/en\/imprint\/","og_locale":"en_US","og_type":"article","og_title":"Imprint - Silverwings - the winning way... Tauben, Pigeons","og_description":"[vc_row css=&#8221;.vc_custom_1459007827879{padding-bottom: 1% !important;}&#8221;][vc_column][vc_column_text] Impressum [\/vc_column_text][\/vc_column][\/vc_row][vc_row css=&#8221;.vc_custom_1459251782050{margin-right: 0.5% !important;}&#8221;][vc_column width=&#8221;1\/3&#8243;][vc_column_text]Redaktion und Verantworlichkeit\u00a0gem\u00e4\u00df \u00a7 5 TMG: Eugen Schnarr Sonneck 100 63762 Grossostheim Tel. +49 6021 70920 (Taubenschlag) Fax: +49 6021 70944 E-Mail: info@silverwings.eu Copyright \u00a9 Eugen Schnarr. Diese Webseite darf kostenlos verlinkt werden. Keinerlei Gew\u00e4hr f\u00fcr Vollst\u00e4ndigkeit, Aktualit\u00e4t und Richtigkeit. Jegliche [\u2026]","og_url":"https:\/\/silverwings.eu\/en\/imprint\/","og_site_name":"Silverwings - the winning way... Tauben, Pigeons","article_modified_time":"2018-04-29T11:43:46+00:00","twitter_card":"summary_large_image","twitter_misc":{"Est. reading time":"2 minutes"},"schema":{"@context":"https:\/\/schema.org","@graph":[{"@type":"WebPage","@id":"https:\/\/silverwings.eu\/en\/imprint\/","url":"https:\/\/silverwings.eu\/en\/imprint\/","name":"Imprint - Silverwings - the winning way... Tauben, Pigeons","isPartOf":{"@id":"https:\/\/silverwings.eu\/#website"},"datePublished":"2016-04-01T13:38:03+00:00","dateModified":"2018-04-29T11:43:46+00:00","breadcrumb":{"@id":"https:\/\/silverwings.eu\/en\/imprint\/#breadcrumb"},"inLanguage":"en-US","potentialAction":[{"@type":"ReadAction","target":["https:\/\/silverwings.eu\/en\/imprint\/"]}]},{"@type":"BreadcrumbList","@id":"https:\/\/silverwings.eu\/en\/imprint\/#breadcrumb","itemListElement":[{"@type":"ListItem","position":1,"name":"Startseite","item":"https:\/\/silverwings.eu\/en\/"},{"@type":"ListItem","position":2,"name":"Imprint"}]},{"@type":"WebSite","@id":"https:\/\/silverwings.eu\/#website","url":"https:\/\/silverwings.eu\/","name":"Silverwings - the winning way... Tauben, Pigeons","description":"","potentialAction":[{"@type":"SearchAction","target":{"@type":"EntryPoint","urlTemplate":"https:\/\/silverwings.eu\/?s={search_term_string}"},"query-input":{"@type":"PropertyValueSpecification","valueRequired":true,"valueName":"search_term_string"}}],"inLanguage":"en-US"}]}},"_links":{"self":[{"href":"https:\/\/silverwings.eu\/en\/wp-json\/wp\/v2\/pages\/1003","targetHints":{"allow":["GET"]}}],"collection":[{"href":"https:\/\/silverwings.eu\/en\/wp-json\/wp\/v2\/pages"}],"about":[{"href":"https:\/\/silverwings.eu\/en\/wp-json\/wp\/v2\/types\/page"}],"author":[{"embeddable":true,"href":"https:\/\/silverwings.eu\/en\/wp-json\/wp\/v2\/users\/7"}],"replies":[{"embeddable":true,"href":"https:\/\/silverwings.eu\/en\/wp-json\/wp\/v2\/comments?post=1003"}],"version-history":[{"count":6,"href":"https:\/\/silverwings.eu\/en\/wp-json\/wp\/v2\/pages\/1003\/revisions"}],"predecessor-version":[{"id":1234,"href":"https:\/\/silverwings.eu\/en\/wp-json\/wp\/v2\/pages\/1003\/revisions\/1234"}],"wp:attachment":[{"href":"https:\/\/silverwings.eu\/en\/wp-json\/wp\/v2\/media?parent=1003"}],"curies":[{"name":"wp","href":"https:\/\/api.w.org\/{rel}","templated":true}]}}